{"id":476,"date":"2010-03-03T13:47:03","date_gmt":"2010-03-03T12:47:03","guid":{"rendered":"http:\/\/2-radler.ch\/?page_id=476"},"modified":"2011-04-11T17:26:49","modified_gmt":"2011-04-11T15:26:49","slug":"links","status":"publish","type":"page","link":"https:\/\/2-radler.ch\/?page_id=476","title":{"rendered":"Links"},"content":{"rendered":"<p><strong>Seiten von Reisenden und radelnden:<\/strong><\/p>\n<p><a href=\"http:\/\/www.schlatter.bosshart.li\" target=\"_blank\">schlatter.bosshart.li<\/a><br \/>\n&gt;&gt; Die MM&#8217;s sind momentan mit dem Tandem richtung Westen unterwegs.<\/p>\n<p><a href=\"http:\/\/www.hardyradelt.de\" target=\"_blank\">hardyradelt.de<\/a><br \/>\n&gt;&gt; Hartmut fuhr im 2010 mit dem Fahrrad an die Fussball WM in S\u00fcdafrika. Getroffen haben wir ihn kurz nach Ulanbator, damals war er unterwegs als <a href=\"http:\/\/www.olympia-botschafter.de\" target=\"_blank\">Olympia Botschafter<\/a>.<\/p>\n<p><a href=\"http:\/\/www.velowerni.ch\" target=\"_blank\">velowerni.ch<br \/>\n<\/a>&gt;&gt; Im Internet Cafe in Irkutsk getroffen. Ist auch mit dem Fahrrad nach Olchon geradelt, aber \u00fcber eine \u00fcble Schlammpiste&#8230;<\/p>\n<p><a href=\"http:\/\/www.superhotdog.ch\" target=\"_blank\">superhotdog.ch<br \/>\n<\/a>&gt;&gt; Ist mit einem Schweizer Milit\u00e4r-Velo von der Schweiz \u00fcber Russland nach Vietnam geradelt. Dankesch\u00f6n f\u00fcr die wertvollen Tipps!<\/p>\n<p><a href=\"http:\/\/afrika.schums.com\" target=\"_blank\">afrika.schums.com<\/a><br \/>\n&gt;&gt; Die Schums waren 2008 mit Yusuf (Nissan Patrol) in Afrika unterwegs.<\/p>\n<p><a href=\"http:\/\/www.teneretraveler.ch\" target=\"_blank\">teneretraveler.ch<\/a><br \/>\n&gt;&gt; Gubi war 2008\/2009 mit dem Motorrad in Asien unterwegs. Getroffen haben wir ihn im <a href=\"http:\/\/www.intergam-oasis.com\">Oasis<\/a> in Ulan Bator.<\/p>\n<p><a href=\"http:\/\/patrickkronig.blogspot.com\" target=\"_blank\">patrickkronig.blogspot.com<\/a><br \/>\n&gt;&gt; Patrick ist wie ich in der Feierabendgruppe des <a href=\"http:\/\/www.veloladen-leuthold.ch\" target=\"_blank\">Veloladen Leuthold<\/a> und ist definitiv der fleissigere Blogger.<\/p>\n<p><strong>Diverse Foren:<\/strong><\/p>\n<p><a href=\"http:\/\/www.albanien.ch\" target=\"_blank\">albanien.ch<\/a><br \/>\n&gt;&gt; Wir erhielten hier viele Tipps f\u00fcr unsere Balkanreise.<\/p>\n<p><a href=\"http:\/\/www.rad-forum.de\" target=\"_blank\">rad-forum.de<br \/>\n<\/a>&gt;&gt; Das Forum der Reiseradler.<\/p>\n<p><a href=\"http:\/\/www.mtb-news.de\" target=\"_blank\">mtb-news.de<br \/>\n<\/a>&gt;&gt; Die Mountainbiker diskutieren hier.<\/p>\n<p><a href=\"http:\/\/www.naviboard.de\" target=\"_blank\">naviboard.de<\/a><br \/>\n&gt;&gt; Das Forum der GPS Freaks, f\u00fcr meinen geschmack manchmal etwas zu freakig, aber sehr hilfreich&#8230;<\/p>\n<div id=\"_mcePaste\" style=\"overflow: hidden; position: absolute; left: -10000px; top: 0px; width: 1px; height: 1px;\"><span id=\"main\" style=\"visibility: visible;\"><span id=\"search\" style=\"visibility: visible;\"><cite><strong>velo<\/strong>werni.ch<\/cite><\/span><\/span><\/div>\n","protected":false},"excerpt":{"rendered":"<p>Seiten von Reisenden und radelnden: schlatter.bosshart.li &gt;&gt; Die MM&#8217;s sind momentan mit dem Tandem richtung Westen unterwegs. hardyradelt.de &gt;&gt; Hartmut fuhr im 2010 mit dem Fahrrad an die Fussball WM in S\u00fcdafrika. Getroffen haben wir ihn kurz nach Ulanbator, damals war er unterwegs als Olympia Botschafter. velowerni.ch &gt;&gt; Im Internet Cafe in Irkutsk getroffen. Ist [&hellip;]<\/p>\n","protected":false},"author":1,"featured_media":0,"parent":0,"menu_order":0,"comment_status":"open","ping_status":"open","template":"","meta":[],"_links":{"self":[{"href":"https:\/\/2-radler.ch\/index.php?rest_route=\/wp\/v2\/pages\/476"}],"collection":[{"href":"https:\/\/2-radler.ch\/index.php?rest_route=\/wp\/v2\/pages"}],"about":[{"href":"https:\/\/2-radler.ch\/index.php?rest_route=\/wp\/v2\/types\/page"}],"author":[{"embeddable":true,"href":"https:\/\/2-radler.ch\/index.php?rest_route=\/wp\/v2\/users\/1"}],"replies":[{"embeddable":true,"href":"https:\/\/2-radler.ch\/index.php?rest_route=%2Fwp%2Fv2%2Fcomments&post=476"}],"version-history":[{"count":13,"href":"https:\/\/2-radler.ch\/index.php?rest_route=\/wp\/v2\/pages\/476\/revisions"}],"predecessor-version":[{"id":483,"href":"https:\/\/2-radler.ch\/index.php?rest_route=\/wp\/v2\/pages\/476\/revisions\/483"}],"wp:attachment":[{"href":"https:\/\/2-radler.ch\/index.php?rest_route=%2Fwp%2Fv2%2Fmedia&parent=476"}],"curies":[{"name":"wp","href":"https:\/\/api.w.org\/{rel}","templated":true}]}}